{"id":467,"date":"2023-04-30T16:01:39","date_gmt":"2023-04-30T16:01:39","guid":{"rendered":"https:\/\/hoteldugolfedeguinee.com\/our-rooms\/"},"modified":"2023-04-30T16:01:39","modified_gmt":"2023-04-30T16:01:39","slug":"our-rooms","status":"publish","type":"page","link":"https:\/\/hoteldugolfedeguinee.com\/fr\/our-rooms\/","title":{"rendered":"Our Rooms"},"content":{"rendered":"<div class=\"wrap plugin-container\">\n\n\t\n\t\n\t<div class=\"vblistcontainer vblistcontainer-list\">\n<ul class=\"vblist\">\n\t<li class=\"room_result\">\n\t\t<div class=\"room_result-inner\">\n\t\t\t<div class=\"vblistroomblock\">\n\t\t\t\t\t\t\t<div class=\"vbimglistdiv\">\n\t\t\t\t\t<a class=\"vbo-roomslist-imglink\" href=\"https:\/\/hoteldugolfedeguinee.com\/fr\/double-rooms\/?roomid=2\">\n\t\t\t\t\t\t<img decoding=\"async\" src=\"https:\/\/hoteldugolfedeguinee.com\/wp-content\/plugins\/vikbooking\/site\/resources\/uploads\/unnamed_3.jpg\" alt=\"Chambre Simple Economique\" class=\"vblistimg\"\/>\n\t\t\t\t\t<\/a>\n\t\t\t\t\t\t\t\t\t<div class=\"vbmodalrdetails vbo-roomslist-opengallery-cont\">\n\t\t\t\t\t\t<a href=\"javascript: void(0);\" class=\"vbo-roomslist-opengallery\" data-roomid=\"2\"><i class=\"fas fa-camera\"><\/i><\/a>\n\t\t\t\t\t<\/div>\n\t\t\t\t\t<div class=\"vikfx-gallery\" id=\"vikfx-gallery2\" style=\"display: none;\">\n\t\t\t\t\t\t\t\t\t\t\t<a href=\"https:\/\/hoteldugolfedeguinee.com\/wp-content\/plugins\/vikbooking\/site\/resources\/uploads\/big_419unnamed_1.jpg\" style=\"display: none;\">\n\t\t\t\t\t\t\t<img decoding=\"async\" src=\"https:\/\/hoteldugolfedeguinee.com\/wp-content\/plugins\/vikbooking\/site\/resources\/uploads\/thumb_419unnamed_1.jpg\" alt=\"419unnamed_1\" title=\"\" style=\"display: none;\"\/>\n\t\t\t\t\t\t<\/a>\n\t\t\t\t\t\t\t\t\t\t\t<\/div>\n\t\t\t\t\t\t\t\t<\/div>\n\t\t\t\t\t\t\t<div class=\"vbo-info-room\">\n\t\t\t\t\t<div class=\"vbdescrlistdiv\">\n\t\t\t\t\t\t<h4 class=\"vbrowcname\">\n\t\t\t\t\t\t\t<a href=\"https:\/\/hoteldugolfedeguinee.com\/fr\/double-rooms\/?roomid=2\">Chambre Simple Economique<\/a>\n\t\t\t\t\t\t<\/h4>\n\t\t\t\t\t\t<span class=\"vblistroomcat\"><\/span>\n\t\t\t\t\t\t<div class=\"vbrowcdescr\">Chambres ventil\u00e9es. Compos\u00e9es d'un lit simple, d'une t\u00e9l\u00e9vision avec 25 cha\u00eenes (Canal+, Nilesat, Startimes). Dans la salle de bain, l'eau est disponible dans un petit r\u00e9servoir.<\/div>\n\t\t\t\t\t<\/div>\n\t\t\t\t\t\t\t\t\t<div class=\"roomlist_carats\">\n\t\t\t\t\t<div class=\"vbo-room-carats\">\n<span class=\"vbo-room-carat\"><span class=\"vbo-expl\" data-vbo-expl=\"TV\"><i class=\"fas fa-tv vbo-icn-carat\"><\/i><\/span><\/span>\n<span class=\"vbo-room-carat\"><span class=\"vbo-expl\" data-vbo-expl=\"Bathroom\"><i class=\"fas fa-bath vbo-icn-carat\"><\/i><\/span><\/span>\n<\/div>\n\t\t\t\t\t<\/div>\n\t\t\t\t\t\t\t\t\t<\/div>\n\t\t\t<\/div>\n\n\t\t\t<div class=\"vbcontdivtot\">\n\t\t\t\t<div class=\"vbdivtot\">\n\t\t\t\t\t<div class=\"vbdivtotinline\">\n\t\t\t\t\t\t<div class=\"vbsrowprice\">\n\t\t\t\t\t\t\t<div class=\"vbrowroomcapacity\">\n\t\t\t\t\t\t\t<i class=\"fas fa-male vbo-pref-color-text\"><\/i>\t\t\t\t\t\t\t<\/div>\n\t\t\t\t\t\t\t\t\t\t<div class=\"vbsrowpricediv\">\n\t\t\t\t\t\t\t\t<span class=\"room_cost\"><span class=\"vbo_currency\">GNF<\/span> <span class=\"vbo_price\">300,000<\/span><\/span>\n\t\t\t\t\t\t\t\t<span class=\"vbliststartfrom\">la nuit<\/span>\n\t\t\t\t\t\t\t\t\t\t\t\t\t\t\t<\/div>\n\t\t\t\t\t\t\n\t\t\t\t\t\t<\/div>\n\t\t\t\t\t\t<div class=\"vbselectordiv\">\n\t\t\t\t\t\t\t<div class=\"vbselectr\">\n\t\t\t\t\t\t\t\t<a class=\"btn vbo-pref-color-btn\" href=\"https:\/\/hoteldugolfedeguinee.com\/fr\/double-rooms\/?roomid=2\">Plus d'infos<\/a>\n\t\t\t\t\t\t\t<\/div>\n\t\t\t\t\t\t<\/div>\t\t\t\n\t\t\t\t\t<\/div>\n\t\t\t\t<\/div>\n\t\t\t<\/div>\n\t\t<\/div>\n\t<\/li>\n\t\t<li class=\"room_result\">\n\t\t<div class=\"room_result-inner\">\n\t\t\t<div class=\"vblistroomblock\">\n\t\t\t\t\t\t\t<div class=\"vbimglistdiv\">\n\t\t\t\t\t<a class=\"vbo-roomslist-imglink\" href=\"https:\/\/hoteldugolfedeguinee.com\/fr\/double-rooms\/?roomid=3\">\n\t\t\t\t\t\t<img decoding=\"async\" src=\"https:\/\/hoteldugolfedeguinee.com\/wp-content\/plugins\/vikbooking\/site\/resources\/uploads\/image4_1.jpeg\" alt=\"Chambre Simple Pr\u00e9mium\" class=\"vblistimg\"\/>\n\t\t\t\t\t<\/a>\n\t\t\t\t\t\t\t\t\t<div class=\"vbmodalrdetails vbo-roomslist-opengallery-cont\">\n\t\t\t\t\t\t<a href=\"javascript: void(0);\" class=\"vbo-roomslist-opengallery\" data-roomid=\"3\"><i class=\"fas fa-camera\"><\/i><\/a>\n\t\t\t\t\t<\/div>\n\t\t\t\t\t<div class=\"vikfx-gallery\" id=\"vikfx-gallery3\" style=\"display: none;\">\n\t\t\t\t\t\t\t\t\t\t\t<a href=\"https:\/\/hoteldugolfedeguinee.com\/wp-content\/plugins\/vikbooking\/site\/resources\/uploads\/big_image9.jpeg\" style=\"display: none;\">\n\t\t\t\t\t\t\t<img decoding=\"async\" src=\"https:\/\/hoteldugolfedeguinee.com\/wp-content\/plugins\/vikbooking\/site\/resources\/uploads\/thumb_image9.jpeg\" alt=\"image9\" title=\"\" style=\"display: none;\"\/>\n\t\t\t\t\t\t<\/a>\n\t\t\t\t\t\t\t\t\t\t\t\t<a href=\"https:\/\/hoteldugolfedeguinee.com\/wp-content\/plugins\/vikbooking\/site\/resources\/uploads\/big_image3.jpeg\" style=\"display: none;\">\n\t\t\t\t\t\t\t<img decoding=\"async\" src=\"https:\/\/hoteldugolfedeguinee.com\/wp-content\/plugins\/vikbooking\/site\/resources\/uploads\/thumb_image3.jpeg\" alt=\"image3\" title=\"\" style=\"display: none;\"\/>\n\t\t\t\t\t\t<\/a>\n\t\t\t\t\t\t\t\t\t\t\t\t<a href=\"https:\/\/hoteldugolfedeguinee.com\/wp-content\/plugins\/vikbooking\/site\/resources\/uploads\/big_image13.jpeg\" style=\"display: none;\">\n\t\t\t\t\t\t\t<img decoding=\"async\" src=\"https:\/\/hoteldugolfedeguinee.com\/wp-content\/plugins\/vikbooking\/site\/resources\/uploads\/thumb_image13.jpeg\" alt=\"image13\" title=\"\" style=\"display: none;\"\/>\n\t\t\t\t\t\t<\/a>\n\t\t\t\t\t\t\t\t\t\t\t\t<a href=\"https:\/\/hoteldugolfedeguinee.com\/wp-content\/plugins\/vikbooking\/site\/resources\/uploads\/big_image2.jpeg\" style=\"display: none;\">\n\t\t\t\t\t\t\t<img decoding=\"async\" src=\"https:\/\/hoteldugolfedeguinee.com\/wp-content\/plugins\/vikbooking\/site\/resources\/uploads\/thumb_image2.jpeg\" alt=\"image2\" title=\"\" style=\"display: none;\"\/>\n\t\t\t\t\t\t<\/a>\n\t\t\t\t\t\t\t\t\t\t\t\t<a href=\"https:\/\/hoteldugolfedeguinee.com\/wp-content\/plugins\/vikbooking\/site\/resources\/uploads\/big_image12.jpeg\" style=\"display: none;\">\n\t\t\t\t\t\t\t<img decoding=\"async\" src=\"https:\/\/hoteldugolfedeguinee.com\/wp-content\/plugins\/vikbooking\/site\/resources\/uploads\/thumb_image12.jpeg\" alt=\"image12\" title=\"\" style=\"display: none;\"\/>\n\t\t\t\t\t\t<\/a>\n\t\t\t\t\t\t\t\t\t\t\t<\/div>\n\t\t\t\t\t\t\t\t<\/div>\n\t\t\t\t\t\t\t<div class=\"vbo-info-room\">\n\t\t\t\t\t<div class=\"vbdescrlistdiv\">\n\t\t\t\t\t\t<h4 class=\"vbrowcname\">\n\t\t\t\t\t\t\t<a href=\"https:\/\/hoteldugolfedeguinee.com\/fr\/double-rooms\/?roomid=3\">Chambre Simple Pr\u00e9mium<\/a>\n\t\t\t\t\t\t<\/h4>\n\t\t\t\t\t\t<span class=\"vblistroomcat\"><\/span>\n\t\t\t\t\t\t<div class=\"vbrowcdescr\">Compos\u00e9e d'un lit king size, d'une t\u00e9l\u00e9vision avec 25 cha\u00eenes, d'une salle de bain enti\u00e8rement \u00e9quip\u00e9e, d'un minibar et d'une connexion Internet Wi-Fi.<\/div>\n\t\t\t\t\t<\/div>\n\t\t\t\t\t\t\t\t\t<div class=\"roomlist_carats\">\n\t\t\t\t\t<div class=\"vbo-room-carats\">\n<span class=\"vbo-room-carat\"><span class=\"vbo-expl\" data-vbo-expl=\"WiFi\"><i class=\"fas fa-wifi vbo-icn-carat\"><\/i><\/span><\/span>\n<span class=\"vbo-room-carat\"><span class=\"vbo-expl\" data-vbo-expl=\"TV\"><i class=\"fas fa-tv vbo-icn-carat\"><\/i><\/span><\/span>\n<span class=\"vbo-room-carat\"><span class=\"vbo-expl\" data-vbo-expl=\"Air Conditioning\"><i class=\"fas fa-snowflake vbo-icn-carat\"><\/i><\/span><\/span>\n<span class=\"vbo-room-carat\"><span class=\"vbo-expl\" data-vbo-expl=\"Bathroom\"><i class=\"fas fa-bath vbo-icn-carat\"><\/i><\/span><\/span>\n<span class=\"vbo-room-carat\"><span class=\"vbo-expl\" data-vbo-expl=\"Mini Bar\"><i class=\"fas fa-beer vbo-icn-carat\"><\/i><\/span><\/span>\n<\/div>\n\t\t\t\t\t<\/div>\n\t\t\t\t\t\t\t\t\t<\/div>\n\t\t\t<\/div>\n\n\t\t\t<div class=\"vbcontdivtot\">\n\t\t\t\t<div class=\"vbdivtot\">\n\t\t\t\t\t<div class=\"vbdivtotinline\">\n\t\t\t\t\t\t<div class=\"vbsrowprice\">\n\t\t\t\t\t\t\t<div class=\"vbrowroomcapacity\">\n\t\t\t\t\t\t\t<i class=\"fas fa-male vbo-pref-color-text\"><\/i>\t\t\t\t\t\t\t<\/div>\n\t\t\t\t\t\t\t\t\t\t<div class=\"vbsrowpricediv\">\n\t\t\t\t\t\t\t\t<span class=\"room_cost\"><span class=\"vbo_currency\">GNF<\/span> <span class=\"vbo_price\">900,000<\/span><\/span>\n\t\t\t\t\t\t\t\t<span class=\"vbliststartfrom\">la nuit<\/span>\n\t\t\t\t\t\t\t\t\t\t\t\t\t\t\t<\/div>\n\t\t\t\t\t\t\n\t\t\t\t\t\t<\/div>\n\t\t\t\t\t\t<div class=\"vbselectordiv\">\n\t\t\t\t\t\t\t<div class=\"vbselectr\">\n\t\t\t\t\t\t\t\t<a class=\"btn vbo-pref-color-btn\" href=\"https:\/\/hoteldugolfedeguinee.com\/fr\/double-rooms\/?roomid=3\">Plus d'infos<\/a>\n\t\t\t\t\t\t\t<\/div>\n\t\t\t\t\t\t<\/div>\t\t\t\n\t\t\t\t\t<\/div>\n\t\t\t\t<\/div>\n\t\t\t<\/div>\n\t\t<\/div>\n\t<\/li>\n\t\t<li class=\"room_result\">\n\t\t<div class=\"room_result-inner\">\n\t\t\t<div class=\"vblistroomblock\">\n\t\t\t\t\t\t\t<div class=\"vbimglistdiv\">\n\t\t\t\t\t<a class=\"vbo-roomslist-imglink\" href=\"https:\/\/hoteldugolfedeguinee.com\/fr\/double-rooms\/\">\n\t\t\t\t\t\t<img decoding=\"async\" src=\"https:\/\/hoteldugolfedeguinee.com\/wp-content\/plugins\/vikbooking\/site\/resources\/uploads\/320220517_120151.jpg\" alt=\"Chambre Double\" class=\"vblistimg\"\/>\n\t\t\t\t\t<\/a>\n\t\t\t\t\t\t\t\t\t<div class=\"vbmodalrdetails vbo-roomslist-opengallery-cont\">\n\t\t\t\t\t\t<a href=\"javascript: void(0);\" class=\"vbo-roomslist-opengallery\" data-roomid=\"1\"><i class=\"fas fa-camera\"><\/i><\/a>\n\t\t\t\t\t<\/div>\n\t\t\t\t\t<div class=\"vikfx-gallery\" id=\"vikfx-gallery1\" style=\"display: none;\">\n\t\t\t\t\t\t\t\t\t\t\t<a href=\"https:\/\/hoteldugolfedeguinee.com\/wp-content\/plugins\/vikbooking\/site\/resources\/uploads\/big_158920220517_120151.jpg\" style=\"display: none;\">\n\t\t\t\t\t\t\t<img decoding=\"async\" src=\"https:\/\/hoteldugolfedeguinee.com\/wp-content\/plugins\/vikbooking\/site\/resources\/uploads\/thumb_158920220517_120151.jpg\" alt=\"158920220517_120151\" title=\"\" style=\"display: none;\"\/>\n\t\t\t\t\t\t<\/a>\n\t\t\t\t\t\t\t\t\t\t\t\t<a href=\"https:\/\/hoteldugolfedeguinee.com\/wp-content\/plugins\/vikbooking\/site\/resources\/uploads\/big_20220517_122540.jpg\" style=\"display: none;\">\n\t\t\t\t\t\t\t<img decoding=\"async\" src=\"https:\/\/hoteldugolfedeguinee.com\/wp-content\/plugins\/vikbooking\/site\/resources\/uploads\/thumb_20220517_122540.jpg\" alt=\"20220517_122540\" title=\"\" style=\"display: none;\"\/>\n\t\t\t\t\t\t<\/a>\n\t\t\t\t\t\t\t\t\t\t\t<\/div>\n\t\t\t\t\t\t\t\t<\/div>\n\t\t\t\t\t\t\t<div class=\"vbo-info-room\">\n\t\t\t\t\t<div class=\"vbdescrlistdiv\">\n\t\t\t\t\t\t<h4 class=\"vbrowcname\">\n\t\t\t\t\t\t\t<a href=\"https:\/\/hoteldugolfedeguinee.com\/fr\/double-rooms\/\">Chambre Double<\/a>\n\t\t\t\t\t\t<\/h4>\n\t\t\t\t\t\t<span class=\"vblistroomcat\"><\/span>\n\t\t\t\t\t\t<div class=\"vbrowcdescr\">Compos\u00e9e de deux grands lits king size, d'une t\u00e9l\u00e9vision LED avec 25 cha\u00eenes, d'une salle de bain enti\u00e8rement \u00e9quip\u00e9e, d'un minibar et d'une connexion Internet Wi-Fi.<\/div>\n\t\t\t\t\t<\/div>\n\t\t\t\t\t\t\t\t\t<div class=\"roomlist_carats\">\n\t\t\t\t\t<div class=\"vbo-room-carats\">\n<span class=\"vbo-room-carat\"><span class=\"vbo-expl\" data-vbo-expl=\"WiFi\"><i class=\"fas fa-wifi vbo-icn-carat\"><\/i><\/span><\/span>\n<span class=\"vbo-room-carat\"><span class=\"vbo-expl\" data-vbo-expl=\"TV\"><i class=\"fas fa-tv vbo-icn-carat\"><\/i><\/span><\/span>\n<span class=\"vbo-room-carat\"><span class=\"vbo-expl\" data-vbo-expl=\"Air Conditioning\"><i class=\"fas fa-snowflake vbo-icn-carat\"><\/i><\/span><\/span>\n<span class=\"vbo-room-carat\"><span class=\"vbo-expl\" data-vbo-expl=\"Bathroom\"><i class=\"fas fa-bath vbo-icn-carat\"><\/i><\/span><\/span>\n<span class=\"vbo-room-carat\"><span class=\"vbo-expl\" data-vbo-expl=\"Mini Bar\"><i class=\"fas fa-beer vbo-icn-carat\"><\/i><\/span><\/span>\n<\/div>\n\t\t\t\t\t<\/div>\n\t\t\t\t\t\t\t\t\t<\/div>\n\t\t\t<\/div>\n\n\t\t\t<div class=\"vbcontdivtot\">\n\t\t\t\t<div class=\"vbdivtot\">\n\t\t\t\t\t<div class=\"vbdivtotinline\">\n\t\t\t\t\t\t<div class=\"vbsrowprice\">\n\t\t\t\t\t\t\t<div class=\"vbrowroomcapacity\">\n\t\t\t\t\t\t\t<i class=\"fas fa-male vbo-pref-color-text\"><\/i><i class=\"fas fa-male vbo-pref-color-text\"><\/i><i class=\"fas fa-male vbo-pref-color-text\"><\/i><i class=\"fas fa-male vbo-pref-color-text\"><\/i>\t\t\t\t\t\t\t<\/div>\n\t\t\t\t\t\t\t\t\t\t<div class=\"vbsrowpricediv\">\n\t\t\t\t\t\t\t\t<span class=\"room_cost\"><span class=\"vbo_currency\">GNF<\/span> <span class=\"vbo_price\">1,000,000<\/span><\/span>\n\t\t\t\t\t\t\t\t<span class=\"vbliststartfrom\">la nuit<\/span>\n\t\t\t\t\t\t\t\t\t\t\t\t\t\t\t<\/div>\n\t\t\t\t\t\t\n\t\t\t\t\t\t<\/div>\n\t\t\t\t\t\t<div class=\"vbselectordiv\">\n\t\t\t\t\t\t\t<div class=\"vbselectr\">\n\t\t\t\t\t\t\t\t<a class=\"btn vbo-pref-color-btn\" href=\"https:\/\/hoteldugolfedeguinee.com\/fr\/double-rooms\/\">Plus d'infos<\/a>\n\t\t\t\t\t\t\t<\/div>\n\t\t\t\t\t\t<\/div>\t\t\t\n\t\t\t\t\t<\/div>\n\t\t\t\t<\/div>\n\t\t\t<\/div>\n\t\t<\/div>\n\t<\/li>\n\t\t<li class=\"room_result\">\n\t\t<div class=\"room_result-inner\">\n\t\t\t<div class=\"vblistroomblock\">\n\t\t\t\t\t\t\t<div class=\"vbimglistdiv\">\n\t\t\t\t\t<a class=\"vbo-roomslist-imglink\" href=\"https:\/\/hoteldugolfedeguinee.com\/fr\/double-rooms\/?roomid=5\">\n\t\t\t\t\t\t<img decoding=\"async\" src=\"https:\/\/hoteldugolfedeguinee.com\/wp-content\/plugins\/vikbooking\/site\/resources\/uploads\/120220128_160540.jpg\" alt=\"Suite\" class=\"vblistimg\"\/>\n\t\t\t\t\t<\/a>\n\t\t\t\t\t\t\t\t\t<div class=\"vbmodalrdetails vbo-roomslist-opengallery-cont\">\n\t\t\t\t\t\t<a href=\"javascript: void(0);\" class=\"vbo-roomslist-opengallery\" data-roomid=\"5\"><i class=\"fas fa-camera\"><\/i><\/a>\n\t\t\t\t\t<\/div>\n\t\t\t\t\t<div class=\"vikfx-gallery\" id=\"vikfx-gallery5\" style=\"display: none;\">\n\t\t\t\t\t\t\t\t\t\t\t<a href=\"https:\/\/hoteldugolfedeguinee.com\/wp-content\/plugins\/vikbooking\/site\/resources\/uploads\/big_83620220128_160540.jpg\" style=\"display: none;\">\n\t\t\t\t\t\t\t<img decoding=\"async\" src=\"https:\/\/hoteldugolfedeguinee.com\/wp-content\/plugins\/vikbooking\/site\/resources\/uploads\/thumb_83620220128_160540.jpg\" alt=\"83620220128_160540\" title=\"\" style=\"display: none;\"\/>\n\t\t\t\t\t\t<\/a>\n\t\t\t\t\t\t\t\t\t\t\t\t<a href=\"https:\/\/hoteldugolfedeguinee.com\/wp-content\/plugins\/vikbooking\/site\/resources\/uploads\/big_91520220128_160630.jpg\" style=\"display: none;\">\n\t\t\t\t\t\t\t<img decoding=\"async\" src=\"https:\/\/hoteldugolfedeguinee.com\/wp-content\/plugins\/vikbooking\/site\/resources\/uploads\/thumb_91520220128_160630.jpg\" alt=\"91520220128_160630\" title=\"\" style=\"display: none;\"\/>\n\t\t\t\t\t\t<\/a>\n\t\t\t\t\t\t\t\t\t\t\t\t<a href=\"https:\/\/hoteldugolfedeguinee.com\/wp-content\/plugins\/vikbooking\/site\/resources\/uploads\/big_66120220128_160304.jpg\" style=\"display: none;\">\n\t\t\t\t\t\t\t<img decoding=\"async\" src=\"https:\/\/hoteldugolfedeguinee.com\/wp-content\/plugins\/vikbooking\/site\/resources\/uploads\/thumb_66120220128_160304.jpg\" alt=\"66120220128_160304\" title=\"\" style=\"display: none;\"\/>\n\t\t\t\t\t\t<\/a>\n\t\t\t\t\t\t\t\t\t\t\t<\/div>\n\t\t\t\t\t\t\t\t<\/div>\n\t\t\t\t\t\t\t<div class=\"vbo-info-room\">\n\t\t\t\t\t<div class=\"vbdescrlistdiv\">\n\t\t\t\t\t\t<h4 class=\"vbrowcname\">\n\t\t\t\t\t\t\t<a href=\"https:\/\/hoteldugolfedeguinee.com\/fr\/double-rooms\/?roomid=5\">Suite<\/a>\n\t\t\t\t\t\t<\/h4>\n\t\t\t\t\t\t<span class=\"vblistroomcat\"><\/span>\n\t\t\t\t\t\t<div class=\"vbrowcdescr\">Avec une vue panoramique, la suite comprend un lit king size, un salon, une t\u00e9l\u00e9vision LED 60 pouces, un mini-r\u00e9frig\u00e9rateur, un lave-linge, une salle de bain enti\u00e8rement \u00e9quip\u00e9e et une connexion Internet Wi-Fi.<\/div>\n\t\t\t\t\t<\/div>\n\t\t\t\t\t\t\t\t\t<div class=\"roomlist_carats\">\n\t\t\t\t\t<div class=\"vbo-room-carats\">\n<span class=\"vbo-room-carat\"><span class=\"vbo-expl\" data-vbo-expl=\"WiFi\"><i class=\"fas fa-wifi vbo-icn-carat\"><\/i><\/span><\/span>\n<span class=\"vbo-room-carat\"><span class=\"vbo-expl\" data-vbo-expl=\"TV\"><i class=\"fas fa-tv vbo-icn-carat\"><\/i><\/span><\/span>\n<span class=\"vbo-room-carat\"><span class=\"vbo-expl\" data-vbo-expl=\"Air Conditioning\"><i class=\"fas fa-snowflake vbo-icn-carat\"><\/i><\/span><\/span>\n<span class=\"vbo-room-carat\"><span class=\"vbo-expl\" data-vbo-expl=\"Bathroom\"><i class=\"fas fa-bath vbo-icn-carat\"><\/i><\/span><\/span>\n<span class=\"vbo-room-carat\"><span class=\"vbo-expl\" data-vbo-expl=\"Mini Bar\"><i class=\"fas fa-beer vbo-icn-carat\"><\/i><\/span><\/span>\n<\/div>\n\t\t\t\t\t<\/div>\n\t\t\t\t\t\t\t\t\t<\/div>\n\t\t\t<\/div>\n\n\t\t\t<div class=\"vbcontdivtot\">\n\t\t\t\t<div class=\"vbdivtot\">\n\t\t\t\t\t<div class=\"vbdivtotinline\">\n\t\t\t\t\t\t<div class=\"vbsrowprice\">\n\t\t\t\t\t\t\t<div class=\"vbrowroomcapacity\">\n\t\t\t\t\t\t\t<i class=\"fas fa-male vbo-pref-color-text\"><\/i><i class=\"fas fa-male vbo-pref-color-text\"><\/i>\t\t\t\t\t\t\t<\/div>\n\t\t\t\t\t\t\t\t\t\t<div class=\"vbsrowpricediv\">\n\t\t\t\t\t\t\t\t<span class=\"room_cost\"><span class=\"vbo_currency\">GNF<\/span> <span class=\"vbo_price\">1,800,000<\/span><\/span>\n\t\t\t\t\t\t\t\t<span class=\"vbliststartfrom\">la nuit<\/span>\n\t\t\t\t\t\t\t\t\t\t\t\t\t\t\t<\/div>\n\t\t\t\t\t\t\n\t\t\t\t\t\t<\/div>\n\t\t\t\t\t\t<div class=\"vbselectordiv\">\n\t\t\t\t\t\t\t<div class=\"vbselectr\">\n\t\t\t\t\t\t\t\t<a class=\"btn vbo-pref-color-btn\" href=\"https:\/\/hoteldugolfedeguinee.com\/fr\/double-rooms\/?roomid=5\">Plus d'infos<\/a>\n\t\t\t\t\t\t\t<\/div>\n\t\t\t\t\t\t<\/div>\t\t\t\n\t\t\t\t\t<\/div>\n\t\t\t\t<\/div>\n\t\t\t<\/div>\n\t\t<\/div>\n\t<\/li>\n\t<\/ul>\n<\/div>\n\n\n<\/div>","protected":false},"excerpt":{"rendered":"","protected":false},"author":1,"featured_media":0,"parent":0,"menu_order":0,"comment_status":"closed","ping_status":"closed","template":"","meta":{"site-sidebar-layout":"default","site-content-layout":"","ast-site-content-layout":"","site-content-style":"default","site-sidebar-style":"default","ast-global-header-display":"","ast-banner-title-visibility":"","ast-main-header-display":"","ast-hfb-above-header-display":"","ast-hfb-below-header-display":"","ast-hfb-mobile-header-display":"","site-post-title":"","ast-breadcrumbs-content":"","ast-featured-img":"","footer-sml-layout":"","theme-transparent-header-meta":"","adv-header-id-meta":"","stick-header-meta":"","header-above-stick-meta":"","header-main-stick-meta":"","header-below-stick-meta":"","astra-migrate-meta-layouts":"default","ast-page-background-enabled":"default","ast-page-background-meta":{"desktop":{"background-color":"","background-image":"","background-repeat":"repeat","background-position":"center center","background-size":"auto","background-attachment":"scroll","background-type":"","background-media":"","overlay-type":"","overlay-color":"","overlay-opacity":"","overlay-gradient":""},"tablet":{"background-color":"","background-image":"","background-repeat":"repeat","background-position":"center center","background-size":"auto","background-attachment":"scroll","background-type":"","background-media":"","overlay-type":"","overlay-color":"","overlay-opacity":"","overlay-gradient":""},"mobile":{"background-color":"","background-image":"","background-repeat":"repeat","background-position":"center center","background-size":"auto","background-attachment":"scroll","background-type":"","background-media":"","overlay-type":"","overlay-color":"","overlay-opacity":"","overlay-gradient":""}},"ast-content-background-meta":{"desktop":{"background-color":"var(--ast-global-color-5)","background-image":"","background-repeat":"repeat","background-position":"center center","background-size":"auto","background-attachment":"scroll","background-type":"","background-media":"","overlay-type":"","overlay-color":"","overlay-opacity":"","overlay-gradient":""},"tablet":{"background-color":"var(--ast-global-color-5)","background-image":"","background-repeat":"repeat","background-position":"center center","background-size":"auto","background-attachment":"scroll","background-type":"","background-media":"","overlay-type":"","overlay-color":"","overlay-opacity":"","overlay-gradient":""},"mobile":{"background-color":"var(--ast-global-color-5)","background-image":"","background-repeat":"repeat","background-position":"center center","background-size":"auto","background-attachment":"scroll","background-type":"","background-media":"","overlay-type":"","overlay-color":"","overlay-opacity":"","overlay-gradient":""}},"footnotes":""},"class_list":["post-467","page","type-page","status-publish","hentry"],"_links":{"self":[{"href":"https:\/\/hoteldugolfedeguinee.com\/fr\/wp-json\/wp\/v2\/pages\/467","targetHints":{"allow":["GET"]}}],"collection":[{"href":"https:\/\/hoteldugolfedeguinee.com\/fr\/wp-json\/wp\/v2\/pages"}],"about":[{"href":"https:\/\/hoteldugolfedeguinee.com\/fr\/wp-json\/wp\/v2\/types\/page"}],"author":[{"embeddable":true,"href":"https:\/\/hoteldugolfedeguinee.com\/fr\/wp-json\/wp\/v2\/users\/1"}],"replies":[{"embeddable":true,"href":"https:\/\/hoteldugolfedeguinee.com\/fr\/wp-json\/wp\/v2\/comments?post=467"}],"version-history":[{"count":0,"href":"https:\/\/hoteldugolfedeguinee.com\/fr\/wp-json\/wp\/v2\/pages\/467\/revisions"}],"wp:attachment":[{"href":"https:\/\/hoteldugolfedeguinee.com\/fr\/wp-json\/wp\/v2\/media?parent=467"}],"curies":[{"name":"wp","href":"https:\/\/api.w.org\/{rel}","templated":true}]}}